{"id":1333,"date":"2025-10-16T13:35:08","date_gmt":"2025-10-16T10:35:08","guid":{"rendered":"https:\/\/moodle.samk.fi\/?page_id=1333"},"modified":"2025-10-24T08:43:06","modified_gmt":"2025-10-24T05:43:06","slug":"mooc","status":"publish","type":"page","link":"https:\/\/moodle.samk.fi\/en\/mooc\/","title":{"rendered":"SAMK-ID"},"content":{"rendered":"<div class=\"wp-block-columns is-layout-flex wp-container-core-columns-is-layout-28f84493 wp-block-columns-is-layout-flex\">\n<div class=\"wp-block-column is-layout-flow wp-block-column-is-layout-flow\">\n<h3 class=\"wp-block-heading\">SAMK-ID Terms of Service<\/h3>\n<\/div>\n\n\n\n<div class=\"wp-block-column is-layout-flow wp-block-column-is-layout-flow\">\n<h3 class=\"wp-block-heading\">SAMK-ID k\u00e4ytt\u00f6sitoumus<\/h3>\n<\/div>\n<\/div>\n\n\n\n<div class=\"wp-block-columns is-layout-flex wp-container-core-columns-is-layout-28f84493 wp-block-columns-is-layout-flex\">\n<div class=\"wp-block-column is-layout-flow wp-block-column-is-layout-flow\">\n<p>In order to get a user ID, the user agrees to follow the rules and guidelines on information systems of the Satakunta University of Applied Sciences (SAMK), good manners and Finnish legislation. Infringement of these terms will be treated in accordance with the Policy of Sanctions for IT offences. It is also required that the user is familiar with SAMK\u2019s security guidelines, which can be found <strong><a href=\"https:\/\/www.samk.fi\/en\/samk\/safety\/information-security\/\">here<\/a><\/strong>.<\/p>\n<\/div>\n\n\n\n<div class=\"wp-block-column is-layout-flow wp-block-column-is-layout-flow\">\n<p>K\u00e4ytt\u00f6oikeuden saadakseen k\u00e4ytt\u00e4j\u00e4 sitoutuu noudattamaan Satakunnan ammattikorkeakoulun (SAMK) tietoj\u00e4rjestelmist\u00e4 annettuja s\u00e4\u00e4nt\u00f6j\u00e4 ja ohjeita, hyvi\u00e4 tapoja sek\u00e4 suomen lakia. N\u00e4ist\u00e4 poikkeava k\u00e4sitell\u00e4\u00e4n tietotekniikkarikkomusten seuraamusk\u00e4yt\u00e4nn\u00f6n mukaisesti. Lis\u00e4ksi edellytet\u00e4\u00e4n, ett\u00e4 k\u00e4ytt\u00e4j\u00e4 tutustuu SAMKin tietoturvaohjeistukseen SAMKin yleisill\u00e4 WWW-sivuilla, l\u00f6ytyy <strong><a href=\"https:\/\/www.samk.fi\/samk\/turvallisuus\/tietoturva-ja-tietosuoja\/\">t\u00e4\u00e4lt\u00e4<\/a><\/strong>.<\/p>\n<\/div>\n<\/div>\n\n\n\n<div class=\"wp-block-columns is-layout-flex wp-container-core-columns-is-layout-28f84493 wp-block-columns-is-layout-flex\">\n<div class=\"wp-block-column is-layout-flow wp-block-column-is-layout-flow\">\n<p>The user will be granted accounts to specific information systems based on the user&#8217;s role. The user&#8217;s role can be e.g. student, teacher, or administrative person. In some special cases, access to these systems can also be granted to a person who is unaffiliated with SAMK.<\/p>\n<\/div>\n\n\n\n<div class=\"wp-block-column is-layout-flow wp-block-column-is-layout-flow\">\n<p>K\u00e4ytt\u00e4j\u00e4lle my\u00f6nnet\u00e4\u00e4n rooliin perustuva k\u00e4ytt\u00f6oikeus nimettyihin tietoj\u00e4rjestelmiin. K\u00e4ytt\u00e4j\u00e4n rooli voi olla esim. opiskelija, opettaja, hallintohenkil\u00f6. K\u00e4ytt\u00f6oikeus voidaan erityisest\u00e4 syyst\u00e4 my\u00f6nt\u00e4\u00e4 my\u00f6s SAMK:in ulkopuoliselle henkil\u00f6lle.<\/p>\n<\/div>\n<\/div>\n\n\n\n<div class=\"wp-block-columns is-layout-flex wp-container-core-columns-is-layout-28f84493 wp-block-columns-is-layout-flex\">\n<div class=\"wp-block-column is-layout-flow wp-block-column-is-layout-flow\">\n<p>The user may not share his\/her access to these systems with any third party. If there is any reason to suspect that the password or other identifier has been compromised, the password must be immediately changed or the use of the identifier must be disabled. The password must also be changed regularly and it must be difficult to guess.<\/p>\n<\/div>\n\n\n\n<div class=\"wp-block-column is-layout-flow wp-block-column-is-layout-flow\">\n<p>K\u00e4ytt\u00f6oikeutta ei saa luovuttaa edelleen. Jos on syyt\u00e4 ep\u00e4ill\u00e4 salasanan tai muun tunnisteen joutuneen jonkun muun haltuun, salasana on vaihdettava tai tunnisteen k\u00e4ytt\u00f6 on estett\u00e4v\u00e4 v\u00e4litt\u00f6m\u00e4sti. Salasana on vaihdettava m\u00e4\u00e4r\u00e4ajoin ja sen tulee olla vaikeasti arvattava.<\/p>\n<\/div>\n<\/div>\n\n\n\n<div class=\"wp-block-columns is-layout-flex wp-container-core-columns-is-layout-28f84493 wp-block-columns-is-layout-flex\">\n<div class=\"wp-block-column is-layout-flow wp-block-column-is-layout-flow\">\n<h3 class=\"wp-block-heading\">Principles of use<\/h3>\n\n\n\n<div class=\"wp-block-columns is-layout-flex wp-container-core-columns-is-layout-28f84493 wp-block-columns-is-layout-flex\">\n<div class=\"wp-block-column is-layout-flow wp-block-column-is-layout-flow\">\n<p>The information systems of the University of Applied Sciences are meant for study, research, teaching and administration related duties within SAMK. Any other use of these systems requires a separate agreement. The user IDs and access provided by SAMK are personal and the user is responsible for all use of his or her account.<\/p>\n<\/div>\n<\/div>\n<\/div>\n\n\n\n<div class=\"wp-block-column is-layout-flow wp-block-column-is-layout-flow\">\n<h3 class=\"wp-block-heading\">K\u00e4yt\u00f6n periaatteet<\/h3>\n\n\n\n<p>SAMK:in tietoj\u00e4rjestelm\u00e4t on tarkoitettu opiskeluun, tutkimukseen, opetukseen tai hallintoon liittyvien teht\u00e4vien hoitoon Satakunnan ammattikorkeakoulussa. Muu k\u00e4ytt\u00f6 edellytt\u00e4\u00e4 erillist\u00e4 sopimusta. SAMK:in my\u00f6nt\u00e4m\u00e4 k\u00e4ytt\u00f6oikeus on henkil\u00f6kohtainen ja k\u00e4ytt\u00e4j\u00e4 vastaa kaikesta tunnuksensa k\u00e4yt\u00f6st\u00e4.<\/p>\n<\/div>\n<\/div>\n\n\n\n<div class=\"wp-block-columns is-layout-flex wp-container-core-columns-is-layout-28f84493 wp-block-columns-is-layout-flex\">\n<div class=\"wp-block-column is-layout-flow wp-block-column-is-layout-flow\">\n<h3 class=\"wp-block-heading\">Validity of user IDs<\/h3>\n<\/div>\n\n\n\n<div class=\"wp-block-column is-layout-flow wp-block-column-is-layout-flow\">\n<h3 class=\"wp-block-heading\">K\u00e4ytt\u00f6oikeuden voimassaolo<\/h3>\n<\/div>\n<\/div>\n\n\n\n<div class=\"wp-block-columns is-layout-flex wp-container-core-columns-is-layout-28f84493 wp-block-columns-is-layout-flex\">\n<div class=\"wp-block-column is-layout-flow wp-block-column-is-layout-flow\">\n<p>The right to use SAMK-ID expires 30 days after the end of the right to study. Staff member\u2019s access is terminated immediately after the employment end date. The user is responsible for the proper transfer or removal of important data before the accounts are removed.<\/p>\n<\/div>\n\n\n\n<div class=\"wp-block-column is-layout-flow wp-block-column-is-layout-flow\">\n<p>Opiskelijan tunnuksen k\u00e4ytt\u00f6oikeus p\u00e4\u00e4ttyy 30 p\u00e4iv\u00e4\u00e4 opiskeluoikeuden p\u00e4\u00e4ttymisen j\u00e4lkeen. Henkil\u00f6kuntaan kuuluvan tunnuksen k\u00e4ytt\u00f6oikeus loppuu heti ty\u00f6suhteen p\u00e4\u00e4ttymisp\u00e4iv\u00e4n\u00e4. K\u00e4ytt\u00e4j\u00e4n on ennen t\u00e4t\u00e4 itse huolehdittava k\u00e4ytt\u00e4j\u00e4tunnuksessa omistuksessa olevien tietojen asianmukaisesta siirt\u00e4misest\u00e4 tai poistamisesta.<\/p>\n<\/div>\n<\/div>\n\n\n\n<div class=\"wp-block-columns is-layout-flex wp-container-core-columns-is-layout-28f84493 wp-block-columns-is-layout-flex\">\n<div class=\"wp-block-column is-layout-flow wp-block-column-is-layout-flow\">\n<h3 class=\"wp-block-heading\">User ID registered by the user<\/h3>\n\n\n\n<p>By creating a user account for the MOOC learning environment (<a href=\"https:\/\/mooc.samk.fi\/\">https:\/\/mooc.samk.fi\/<\/a>), you agree to comply with the following rules:<\/p>\n\n\n\n<ul class=\"wp-block-list\">\n<li>Your username is personal and may not be disclosed to others.<\/li>\n\n\n\n<li>The user is responsible for all use of their account.<\/li>\n\n\n\n<li>The same username and password must not be used for other Internet services or when registering for them.<\/li>\n\n\n\n<li>The user agrees to comply with the rules and guidelines issued by Satakunta University of Applied Sciences regarding its systems, good manners, and Finnish law.<\/li>\n\n\n\n<li>The user agrees to familiarize themselves with SAMK&#8217;s information security guidelines at <a href=\"https:\/\/www.samk.fi\/en\/samk\/safety\/information-security\/\">https:\/\/www.samk.fi\/en\/samk\/safety\/information-security\/<\/a><\/li>\n\n\n\n<li>If there is reason to suspect that your username and password have fallen into the hands of someone else, you must change your password or block the use of your username.<\/li>\n\n\n\n<li>Your user rights to the service are valid only for the duration of your studies, right of use, or employment contract at the higher education institution. Before this, the user must ensure that the data stored under their account is transferred or deleted appropriately.<\/li>\n<\/ul>\n<\/div>\n\n\n\n<div class=\"wp-block-column is-layout-flow wp-block-column-is-layout-flow\">\n<h3 class=\"wp-block-heading\">K\u00e4ytt\u00e4j\u00e4n itse rekister\u00f6im\u00e4 k\u00e4ytt\u00e4j\u00e4tunnus<\/h3>\n\n\n\n<p>Luomalla k\u00e4ytt\u00e4j\u00e4tilin MOOC oppimisymp\u00e4r\u00f6st\u00f6\u00f6n (<a href=\"https:\/\/mooc.samk.fi\/\">https:\/\/mooc.samk.fi\/<\/a>) sitoudut noudattamaan alla mainittuja s\u00e4\u00e4nt\u00f6j\u00e4:<\/p>\n\n\n\n<ul class=\"wp-block-list\">\n<li>k\u00e4ytt\u00e4j\u00e4tunnus on henkil\u00f6kohtainen, eik\u00e4 sit\u00e4 saa luovuttaa eteenp\u00e4in<\/li>\n\n\n\n<li>k\u00e4ytt\u00e4j\u00e4 vastaa kaikesta tunnuksensa k\u00e4yt\u00f6st\u00e4<\/li>\n\n\n\n<li>samaa tunnusta ja salasanaa ei saa k\u00e4ytt\u00e4\u00e4 muissa Internet -palveluissa tai niihin rekister\u00f6idytt\u00e4ess\u00e4<\/li>\n\n\n\n<li>K\u00e4ytt\u00e4j\u00e4 sitoutuu noudattamaan Satakunnan ammattikorkeakoulun j\u00e4rjestelmist\u00e4 annettuja s\u00e4\u00e4nt\u00f6j\u00e4 ja ohjeita, hyvi\u00e4 tapoja ja Suomen lakia<\/li>\n\n\n\n<li>K\u00e4ytt\u00e4j\u00e4 sitoutuu tutustumaan SAMK:n tietoturvaohjeeseen osoitteessa <a href=\"https:\/\/www.samk.fi\/tietoa-meista\/turvallisuus\/tietoturva\/\">https:\/\/www.samk.fi\/tietoa-meista\/turvallisuus\/tietoturva\/<\/a><\/li>\n\n\n\n<li>Jos on syyt\u00e4 ep\u00e4ill\u00e4 tunnuksen ja salasanan joutuneen jonkun muun haltuun, salasana on vaihdettava tai tunnuksen k\u00e4ytt\u00f6 estett\u00e4v\u00e4<\/li>\n\n\n\n<li>Palvelun k\u00e4ytt\u00e4j\u00e4oikeutesi on voimassa vain sen ajan, kun opiskelu- tai k\u00e4ytt\u00f6oikeus tai ty\u00f6sopimus on voimassa korkeakoulussa. K\u00e4ytt\u00e4j\u00e4n on ennen t\u00e4t\u00e4 itse huolehdittava tunnuksensa omistuksessa olevien tietojen asianmukaisesta siirt\u00e4misest\u00e4 tai poistosta.<\/li>\n<\/ul>\n<\/div>\n<\/div>\n\n\n\n<div class=\"wp-block-columns is-layout-flex wp-container-core-columns-is-layout-28f84493 wp-block-columns-is-layout-flex\">\n<div class=\"wp-block-column is-layout-flow wp-block-column-is-layout-flow\">\n<p>In order to comply with the requirements of the General Data Protection Regulation, we delete unused user accounts when more than 12 months have passed since the last login to a course in the MOOC learning environment (<a href=\"https:\/\/https:\/\/mooc.samk.fi\/\">https:\/\/mooc.samk.fi\/<\/a>). This will remove the participant&#8217;s assignment and exam answers from Moodle, discussion posts, and the student&#8217;s access to the course area.<\/p>\n\n\n\n<p>NOTE! Unused user accounts will be deleted regardless of whether they are self-registered or SAMK ID-based user accounts.<\/p>\n<\/div>\n\n\n\n<div class=\"wp-block-column is-layout-flow wp-block-column-is-layout-flow\">\n<p>Tietosuoja-asetuksen vaatimusten t\u00e4ytt\u00e4miseksi hy\u00f6dynn\u00e4mme k\u00e4ytt\u00e4m\u00e4tt\u00f6mien k\u00e4ytt\u00e4j\u00e4tilien poistoa, kun edellisest\u00e4 kirjautumisesta on kulunut yli 12kk MOOC oppimisymp\u00e4rist\u00f6ss\u00e4 (<a href=\"https:\/\/mooc.samk.fi\/\">https:\/\/mooc.samk.fi\/<\/a>) olevaan kurssiin. T\u00e4ll\u00f6in poistuu osallistujan teht\u00e4v\u00e4- ja tenttivastaukset Moodlesta, keskusteluviestit ja opiskelijan p\u00e4\u00e4sy kurssialueelle.<\/p>\n\n\n\n<p>HUOM! K\u00e4ytt\u00e4m\u00e4tt\u00f6mat k\u00e4ytt\u00e4j\u00e4tilit poistetaan huolimatta siit\u00e4, onko kyseess\u00e4 itse rekister\u00f6ity tai SAMK-ID:hen perustuva k\u00e4ytt\u00e4j\u00e4tili.<\/p>\n<\/div>\n<\/div>","protected":false},"excerpt":{"rendered":"<p>SAMK-ID Terms of Service SAMK-ID k\u00e4ytt\u00f6sitoumus In order to get a user ID, the user agrees to follow the rules and guidelines on information systems of the Satakunta University of Applied Sciences (SAMK), good manners and Finnish legislation. Infringement of these terms will be treated in accordance with the Policy of Sanctions for IT offences. [&hellip;]<\/p>\n","protected":false},"author":2,"featured_media":0,"parent":0,"menu_order":0,"comment_status":"closed","ping_status":"closed","template":"tyhja","meta":{"footnotes":""},"class_list":["post-1333","page","type-page","status-publish","hentry"],"_links":{"self":[{"href":"https:\/\/moodle.samk.fi\/en\/wp-json\/wp\/v2\/pages\/1333","targetHints":{"allow":["GET"]}}],"collection":[{"href":"https:\/\/moodle.samk.fi\/en\/wp-json\/wp\/v2\/pages"}],"about":[{"href":"https:\/\/moodle.samk.fi\/en\/wp-json\/wp\/v2\/types\/page"}],"author":[{"embeddable":true,"href":"https:\/\/moodle.samk.fi\/en\/wp-json\/wp\/v2\/users\/2"}],"replies":[{"embeddable":true,"href":"https:\/\/moodle.samk.fi\/en\/wp-json\/wp\/v2\/comments?post=1333"}],"version-history":[{"count":10,"href":"https:\/\/moodle.samk.fi\/en\/wp-json\/wp\/v2\/pages\/1333\/revisions"}],"predecessor-version":[{"id":1348,"href":"https:\/\/moodle.samk.fi\/en\/wp-json\/wp\/v2\/pages\/1333\/revisions\/1348"}],"wp:attachment":[{"href":"https:\/\/moodle.samk.fi\/en\/wp-json\/wp\/v2\/media?parent=1333"}],"curies":[{"name":"wp","href":"https:\/\/api.w.org\/{rel}","templated":true}]}}