{"id":108,"date":"2024-08-29T09:08:03","date_gmt":"2024-08-29T06:08:03","guid":{"rendered":"https:\/\/moodleportal.samk.fi\/?p=108"},"modified":"2026-03-23T07:58:02","modified_gmt":"2026-03-23T05:58:02","slug":"fi","status":"publish","type":"page","link":"https:\/\/moodle.samk.fi\/en\/","title":{"rendered":"Frontpage"},"content":{"rendered":"<div class=\"wp-block-columns has-background is-layout-flex wp-container-core-columns-is-layout-b2b050bf wp-block-columns-is-layout-flex\" style=\"background-color:#08a5cd;margin-top:0px;margin-bottom:0px;padding-top:0px;padding-right:0px;padding-bottom:0px;padding-left:0px\">\n<div class=\"wp-block-column has-background is-layout-flow wp-block-column-is-layout-flow\" style=\"background-color:#08a5cd\">\n<div class=\"wp-block-cover is-light has-custom-content-position is-position-top-left\" style=\"padding-top:0.5em;padding-right:0.5em;padding-bottom:0.5em;padding-left:0.5em;min-height:200px;aspect-ratio:unset;\"><img loading=\"lazy\" decoding=\"async\" width=\"1024\" height=\"256\" class=\"wp-block-cover__image-background wp-image-274\" alt=\"\" src=\"http:\/\/moodle.samk.fi\/wp-content\/uploads\/2024\/08\/SAMK-opiskelijat-1600x400px-1024x256.jpg\" style=\"object-position:0% 0%\" data-object-fit=\"cover\" data-object-position=\"0% 0%\" srcset=\"https:\/\/moodle.samk.fi\/wp-content\/uploads\/2024\/08\/SAMK-opiskelijat-1600x400px-1024x256.jpg 1024w, https:\/\/moodle.samk.fi\/wp-content\/uploads\/2024\/08\/SAMK-opiskelijat-1600x400px-300x75.jpg 300w, https:\/\/moodle.samk.fi\/wp-content\/uploads\/2024\/08\/SAMK-opiskelijat-1600x400px-768x192.jpg 768w, https:\/\/moodle.samk.fi\/wp-content\/uploads\/2024\/08\/SAMK-opiskelijat-1600x400px-1536x384.jpg 1536w, https:\/\/moodle.samk.fi\/wp-content\/uploads\/2024\/08\/SAMK-opiskelijat-1600x400px.jpg 1600w\" sizes=\"auto, (max-width: 1024px) 100vw, 1024px\" \/><span aria-hidden=\"true\" class=\"wp-block-cover__background has-background-dim-0 has-background-dim\"><\/span><div class=\"wp-block-cover__inner-container is-layout-flow wp-block-cover-is-layout-flow\">\n<p class=\"has-text-align-center signin has-base-2-color has-text-color has-link-color has-medium-font-size wp-elements-c72d1e12df71e1cf5355f3185311c2fa\" style=\"margin-top:0px;margin-right:0px;margin-bottom:0px;margin-left:0px;padding-top:0.25em;padding-right:0.5em;padding-bottom:0.25em;padding-left:0.5em;text-transform:uppercase\"><strong><a href=\"https:\/\/moodle4x.samk.fi\/auth\/shibboleth\/index.php\">Sign in<\/a><\/strong><\/p>\n<\/div><\/div>\n<\/div>\n\n\n\n<div class=\"wp-block-column has-background is-layout-flow wp-block-column-is-layout-flow\" style=\"background-color:#08a5cd;padding-top:0px;padding-right:0px;padding-bottom:0px;padding-left:0px\">\n<h3 class=\"wp-block-heading has-base-2-color has-text-color has-link-color wp-elements-b26e3969608772b234f66bab00252e3d\" style=\"margin-top:0.5rem;margin-right:0.5rem;margin-bottom:0.5rem;margin-left:0.5rem;padding-top:0rem;padding-right:0rem;padding-bottom:0rem;padding-left:0rem\"><a class=\"moodle-link\" href=\"https:\/\/moodle4x.samk.fi\/auth\/shibboleth\/index.php\">Course Moodle<\/a><\/h3>\n\n\n\n<p class=\"has-base-2-color has-text-color has-link-color wp-elements-78d4bc86586bc9d950ca9002d186fb5d\" style=\"margin-top:0px;margin-right:0.5rem;margin-bottom:0px;margin-left:0.5rem;font-size:clamp(0.875rem, 0.875rem + ((1vw - 0.2rem) * 0.208), 1rem);\">The course Moodle contains SAMK courses and cross-institutional studies at SAMK. Login with SAMK-ID only. Courses will appear on the My Courses page one hour after the first login.<\/p>\n<\/div>\n<\/div>\n\n\n\n<div class=\"wp-block-columns has-base-2-color has-text-color has-background has-link-color wp-elements-5e382547ffc103508f23d802db17905d is-layout-flex wp-container-core-columns-is-layout-17908fd6 wp-block-columns-is-layout-flex\" style=\"background-color:#88960f;margin-top:5px;margin-bottom:5px;padding-top:0;padding-right:0;padding-bottom:0;padding-left:0\">\n<div class=\"wp-block-column has-global-padding is-layout-constrained wp-container-core-column-is-layout-12243e0f wp-block-column-is-layout-constrained\" style=\"flex-basis:100%\">\n<div class=\"wp-block-columns is-layout-flex wp-container-core-columns-is-layout-28f84493 wp-block-columns-is-layout-flex\">\n<div class=\"wp-block-column is-layout-flow wp-block-column-is-layout-flow\" style=\"padding-top:0.5rem;padding-right:0.5rem;padding-bottom:0.5rem;padding-left:0.5rem\">\n<h3 class=\"wp-block-heading\"><a class=\"moodle-link\" href=\"https:\/\/samkmoodle.samk.fi\/login\/index.php?lang=en\">Collaboration Moodle<\/a><\/h3>\n\n\n\n<p style=\"margin-top:0rem;margin-bottom:0rem;font-size:clamp(0.875rem, 0.875rem + ((1vw - 0.2rem) * 0.208), 1rem);\">Collaboration Moodle is a platform for projects and initiatives. SAMK students and staff log in with SAMK-ID and others can create a user account.<\/p>\n<\/div>\n\n\n\n<div class=\"wp-block-column is-layout-flow wp-container-core-column-is-layout-b2a27621 wp-block-column-is-layout-flow\" style=\"padding-top:0;padding-right:0;padding-bottom:0;padding-left:0;flex-basis:50%\">\n<div class=\"wp-block-cover is-light has-custom-content-position is-position-top-left responsive\" style=\"margin-top:0;margin-bottom:0;padding-top:0.5rem;padding-right:0.5rem;padding-bottom:0.5rem;padding-left:0.5rem;min-height:200px;aspect-ratio:unset;\"><img loading=\"lazy\" decoding=\"async\" width=\"1024\" height=\"341\" class=\"wp-block-cover__image-background wp-image-36\" alt=\"Collabhub\" src=\"http:\/\/moodle.samk.fi\/wp-content\/uploads\/2024\/08\/SAMK-Coop2-1024x341.jpg\" style=\"object-position:67% 0%\" data-object-fit=\"cover\" data-object-position=\"67% 0%\" srcset=\"https:\/\/moodle.samk.fi\/wp-content\/uploads\/2024\/08\/SAMK-Coop2-1024x341.jpg 1024w, https:\/\/moodle.samk.fi\/wp-content\/uploads\/2024\/08\/SAMK-Coop2-300x100.jpg 300w, https:\/\/moodle.samk.fi\/wp-content\/uploads\/2024\/08\/SAMK-Coop2-768x256.jpg 768w, https:\/\/moodle.samk.fi\/wp-content\/uploads\/2024\/08\/SAMK-Coop2.jpg 1200w\" sizes=\"auto, (max-width: 1024px) 100vw, 1024px\" \/><span aria-hidden=\"true\" class=\"wp-block-cover__background has-background-dim-0 has-background-dim\"><\/span><div class=\"wp-block-cover__inner-container has-global-padding is-layout-constrained wp-container-core-cover-is-layout-038a94ed wp-block-cover-is-layout-constrained\">\n<p class=\"signin has-base-2-color has-text-color has-link-color has-medium-font-size wp-elements-72d1a5453718328782dfca90d1e0de65\" style=\"margin-top:0em;margin-right:0em;margin-bottom:0em;margin-left:0em;padding-top:0.25em;padding-right:0.5em;padding-bottom:0.25em;padding-left:0.5em;text-transform:uppercase\"><a href=\"https:\/\/samkmoodle.samk.fi\/login\/index.php?lang=en\"><strong>Sign in<\/strong><\/a><\/p>\n<\/div><\/div>\n<\/div>\n<\/div>\n<\/div>\n\n\n\n<div class=\"wp-block-column is-layout-flow wp-block-column-is-layout-flow\"><\/div>\n<\/div>\n\n\n\n<div class=\"wp-block-columns is-layout-flex wp-container-core-columns-is-layout-741bbd2f wp-block-columns-is-layout-flex\" style=\"margin-top:0rem;margin-bottom:0rem;padding-top:0px;padding-right:0px;padding-bottom:0px;padding-left:0px\">\n<div class=\"wp-block-column has-base-2-color has-text-color has-background has-link-color wp-elements-835482b9533c77c6c11c9af992806ae1 is-layout-flow wp-block-column-is-layout-flow\" style=\"background-color:#e00885;padding-top:0px;padding-right:0px;padding-bottom:0px;padding-left:0px\">\n<div class=\"wp-block-columns is-layout-flex wp-container-core-columns-is-layout-01756ba4 wp-block-columns-is-layout-flex\">\n<div class=\"wp-block-column is-layout-flow wp-block-column-is-layout-flow\" style=\"flex-basis:50%\">\n<div class=\"wp-block-cover is-light has-custom-content-position is-position-top-left\" style=\"padding-top:0.5rem;padding-right:0.5rem;padding-bottom:0.5rem;padding-left:0.5rem;min-height:200px;aspect-ratio:unset;\"><img loading=\"lazy\" decoding=\"async\" width=\"600\" height=\"400\" class=\"wp-block-cover__image-background wp-image-87\" alt=\"\" src=\"http:\/\/moodle.samk.fi\/wp-content\/uploads\/2024\/08\/admissions_students-1.jpg\" style=\"object-position:100% 35%\" data-object-fit=\"cover\" data-object-position=\"100% 35%\" srcset=\"https:\/\/moodle.samk.fi\/wp-content\/uploads\/2024\/08\/admissions_students-1.jpg 600w, https:\/\/moodle.samk.fi\/wp-content\/uploads\/2024\/08\/admissions_students-1-300x200.jpg 300w\" sizes=\"auto, (max-width: 600px) 100vw, 600px\" \/><span aria-hidden=\"true\" class=\"wp-block-cover__background has-background-dim-0 has-background-dim\"><\/span><div class=\"wp-block-cover__inner-container is-layout-flow wp-block-cover-is-layout-flow\">\n<p class=\"has-text-align-center signin has-medium-font-size\" style=\"padding-top:0.25rem;padding-right:0.5rem;padding-bottom:0.25rem;padding-left:0.5rem;text-transform:uppercase\"><strong><a href=\"https:\/\/valinnat.samk.fi\/2026\/login\/index.php?lang=en\" data-type=\"link\" data-id=\"https:\/\/valinnat.samk.fi\/2024\/?lang=fi\">Sign in<\/a><\/strong><\/p>\n<\/div><\/div>\n<\/div>\n\n\n\n<div class=\"wp-block-column is-layout-flow wp-block-column-is-layout-flow\" style=\"padding-top:0px;padding-right:0px;padding-bottom:0px;padding-left:0px;flex-basis:50%\">\n<h3 class=\"wp-block-heading has-base-2-color has-text-color has-link-color wp-elements-f00292ebc71c843a9415ea3769560924\" style=\"margin-top:0.25rem;margin-right:0rem;margin-bottom:0.25rem;margin-left:0rem\"><a class=\"moodle-link\" href=\"https:\/\/valinnat.samk.fi\/2026\/login\/index.php?lang=en\">Admission Moodle<\/a><\/h3>\n\n\n\n<p style=\"margin-top:0px;margin-right:0rem;margin-bottom:0px;margin-left:0rem;padding-top:0.15rem;padding-bottom:0.15rem;font-size:clamp(0.875rem, 0.875rem + ((1vw - 0.2rem) * 0.208), 1rem);\">Place for entrance courses and exams. When registering, use the same email address as you have on the Study Info service.<\/p>\n<\/div>\n<\/div>\n<\/div>\n<\/div>\n\n\n\n<p><\/p>","protected":false},"excerpt":{"rendered":"<p>Huoltokatko tiistaina klo 7.00 &#8211; 8.00 | Maintenance break on Tuesday 7:00 &#8211; 8:00 Huoltokatko tiistaina klo 7.00 &#8211; 8.00 | Maintenance break on Tuesday 7:00 &#8211; 8:00 Kurssi Moodle Kurssi Moodlesta l\u00f6ytyv\u00e4t SAMKin kurssit ja RIPA-kurssit. Kirjautuminen vain SAMK-ID:ll\u00e4. Kurssit ilmestyv\u00e4t Omat kurssini -sivulle tunnin kuluttua ensimm\u00e4isest\u00e4 kirjautumisesta. Yhteisty\u00f6 Moodle Yhteisty\u00f6 Moodlessa on projektien [&hellip;]<\/p>\n","protected":false},"author":2,"featured_media":0,"parent":0,"menu_order":0,"comment_status":"closed","ping_status":"closed","template":"page-no-title","meta":{"footnotes":""},"class_list":["post-108","page","type-page","status-publish","hentry"],"_links":{"self":[{"href":"https:\/\/moodle.samk.fi\/en\/wp-json\/wp\/v2\/pages\/108","targetHints":{"allow":["GET"]}}],"collection":[{"href":"https:\/\/moodle.samk.fi\/en\/wp-json\/wp\/v2\/pages"}],"about":[{"href":"https:\/\/moodle.samk.fi\/en\/wp-json\/wp\/v2\/types\/page"}],"author":[{"embeddable":true,"href":"https:\/\/moodle.samk.fi\/en\/wp-json\/wp\/v2\/users\/2"}],"replies":[{"embeddable":true,"href":"https:\/\/moodle.samk.fi\/en\/wp-json\/wp\/v2\/comments?post=108"}],"version-history":[{"count":457,"href":"https:\/\/moodle.samk.fi\/en\/wp-json\/wp\/v2\/pages\/108\/revisions"}],"predecessor-version":[{"id":1374,"href":"https:\/\/moodle.samk.fi\/en\/wp-json\/wp\/v2\/pages\/108\/revisions\/1374"}],"wp:attachment":[{"href":"https:\/\/moodle.samk.fi\/en\/wp-json\/wp\/v2\/media?parent=108"}],"curies":[{"name":"wp","href":"https:\/\/api.w.org\/{rel}","templated":true}]}}